{"id":960,"date":"2019-05-03T14:16:00","date_gmt":"2019-05-03T12:16:00","guid":{"rendered":"https:\/\/www.nordbasketball.org\/?page_id=960"},"modified":"2022-06-23T10:18:12","modified_gmt":"2022-06-23T08:18:12","slug":"qualification","status":"publish","type":"page","link":"https:\/\/www.nordbasketball.org\/index.php\/qualification\/","title":{"rendered":"Qualification &#8211; Licence"},"content":{"rendered":"<div id=\"pl-960\"  class=\"panel-layout\" ><div id=\"pg-960-0\"  class=\"panel-grid panel-no-style\" ><div id=\"pgc-960-0-0\"  class=\"panel-grid-cell\" ><div id=\"panel-960-0-0-0\" class=\"so-panel widget widget_sow-editor panel-first-child panel-last-child\" data-index=\"0\" ><div\n\t\t\t\n\t\t\tclass=\"so-widget-sow-editor so-widget-sow-editor-base\"\n\t\t\t\n\t\t><h3 class=\"widget-title\">Qualification - Licence<\/h3>\n<div class=\"siteorigin-widget-tinymce textwidget\">\n\t<p>Vous trouverez ici tous les documents n\u00e9cessaires aux demandes de licence et de surclassement.<\/p>\n<\/div>\n<\/div><\/div><\/div><\/div><div id=\"pg-960-1\"  class=\"panel-grid panel-no-style\" ><div id=\"pgc-960-1-0\"  class=\"panel-grid-cell\" ><div id=\"panel-960-1-0-0\" class=\"so-panel widget widget_sow-editor panel-first-child panel-last-child\" data-index=\"1\" ><div\n\t\t\t\n\t\t\tclass=\"so-widget-sow-editor so-widget-sow-editor-base\"\n\t\t\t\n\t\t>\n<div class=\"siteorigin-widget-tinymce textwidget\">\n\t<h4><u><span style=\"color: #000120;\">Documents \u00e0 imprimer ou t\u00e9l\u00e9charger<\/span><\/u><\/h4>\n<h5><strong>Licence 2022\/23<\/strong><\/h5>\n<ul>\n<li><a href=\"https:\/\/www.nordbasketball.org\/wp-content\/uploads\/2022\/06\/2022-06-17-NOTE-LR-CD-CLUBS-6-DAJI-Procedures-Qualification-VFIN-1.pdf\">Proc\u00e9dure Qualifications 2022-2023<\/a><\/li>\n<li><a href=\"https:\/\/www.nordbasketball.org\/wp-content\/uploads\/2022\/06\/demande_de_licence_2022-2023.pdf\">Formulaire de demande de licence 2022\/23<\/a><\/li>\n<li><a href=\"https:\/\/www.nordbasketball.org\/wp-content\/uploads\/2022\/06\/procedure-saisie-AST-et-T.pdf\">Proc\u00e9dure licence T et AST<\/a><\/li>\n<li><a href=\"https:\/\/www.nordbasketball.org\/wp-content\/uploads\/2022\/06\/demande_de_mutation_0.pdf\">Formulaire de Mutation Papier (si d\u00e9j\u00e0 licenci\u00e9 dans la saison en cours)<\/a><\/li>\n<li><a href=\"https:\/\/www.nordbasketball.org\/wp-content\/uploads\/2022\/06\/demande_de_modification_de_couleur_de_licence_3.pdf\">Demande de modification de couleur licence<\/a><\/li>\n<li><a href=\"https:\/\/www.nordbasketball.org\/wp-content\/uploads\/2022\/06\/2022-06-17-NOTE-LR-CD-CLUBS-6-DAJI-Procedures-Qualification-VFIN.pdf\">Demande de lettre de sortie<\/a><\/li>\n<li><a href=\"https:\/\/www.nordbasketball.org\/wp-content\/uploads\/2022\/06\/demande_dobtention_dun_socle_de_licence_type_0_apres_2_ans_dextension.pdf\">Demande de licence OC (Apr\u00e8s 2 ans de licence OCT dans le m\u00eame Groupement Sportif)<\/a><\/li>\n<li><a href=\"https:\/\/www.nordbasketball.org\/wp-content\/uploads\/2022\/06\/demande_de_licence_joueur_precedemment_licencie_a_letranger_3.pdf\">Demande de licence joueur(se) pr\u00e9c\u00e9demment licenci\u00e9(e) \u00e0 l'\u00e9tranger<\/a><\/li>\n<li><a href=\"https:\/\/www.nordbasketball.org\/wp-content\/uploads\/2022\/06\/demande_extension_t_.pdf\">Demande d\u2019extension T (si pas possible fbi)<\/a><\/li>\n<li><a href=\"https:\/\/www.nordbasketball.org\/wp-content\/uploads\/2022\/06\/demande_dautorisation_secondaire_territoire_ast_2.pdf\">Demande de licence AST 2022\/23<\/a><\/li>\n<li><a href=\"http:\/\/www.ffbb.com\/ffbb\/dirigeants\/gerer\/imprimes\" target=\"_blank\" rel=\"noopener noreferrer\">Charte d'engagements\u00a0<\/a><\/li>\n<li><em><a href=\"http:\/\/www.ffbb.com\/ffbb\/dirigeants\/gerer\/imprimes\">Autres Imprim\u00e9s FFBB<\/a><\/em><\/li>\n<li><a href=\"https:\/\/www.nordbasketball.org\/wp-content\/uploads\/2022\/06\/2014-03-05_4_demarche_clubs_entente_convention_type_vfin_1.pdf\">Convention club entente<\/a><\/li>\n<li><a href=\"https:\/\/www.nordbasketball.org\/wp-content\/uploads\/2022\/06\/tableau_des_surclassements_2022-2023_sous_reserve_1.pdf\">tableau de surclassement 2022-23<\/a><\/li>\n<li><a href=\"https:\/\/www.nordbasketball.org\/wp-content\/uploads\/2022\/06\/2022-06-13_5-comed_certificat_d_aptitude_au_surclassement_a_photocopier_en_blanc_vf_0.pdf\">Demande de surclassement par m\u00e9decin agr\u00e9\u00e9<\/a><\/li>\n<li><a href=\"https:\/\/www.nordbasketball.org\/wp-content\/uploads\/2022\/06\/2022-2023_cm_-_vfin.pdf\">certificat m\u00e9dical<\/a><\/li>\n<li><a href=\"https:\/\/www.nordbasketball.org\/wp-content\/uploads\/2022\/06\/2022-2023_surclassement_-_vfin.pdf\">surclassement par m\u00e9decin de famille<\/a><\/li>\n<\/ul>\n<\/div>\n<\/div><\/div><\/div><\/div><\/div>","protected":false},"excerpt":{"rendered":"<p>Vous trouverez ici tous les documents n\u00e9cessaires aux demandes de licence et de surclassement. Documents \u00e0 imprimer ou t\u00e9l\u00e9charger Licence 2022\/23 Proc\u00e9dure Qualifications 2022-2023 Formulaire de demande de licence 2022\/23 Proc\u00e9dure licence T et AST Formulaire de Mutation Papier (si d\u00e9j\u00e0 licenci\u00e9 dans la saison en cours) Demande de modification de couleur licence Demande de lettre de sortie Demande de licence OC (Apr\u00e8s 2 ans de licence OCT dans le m\u00eame Groupement Sportif) Demande de licence joueur(se) pr\u00e9c\u00e9demment licenci\u00e9(e) \u00e0 l&rsquo;\u00e9tranger Demande d\u2019extension T (si pas possible fbi) Demande de licence AST 2022\/23 Charte d&rsquo;engagements\u00a0 Autres Imprim\u00e9s FFBB Convention club entente tableau de surclassement 2022-23 Demande de surclassement par m\u00e9decin agr\u00e9\u00e9 certificat m\u00e9dical surclassement par m\u00e9decin de famille<\/p>\n","protected":false},"author":2,"featured_media":0,"parent":0,"menu_order":0,"comment_status":"closed","ping_status":"closed","template":"","meta":{"_bbp_topic_count":0,"_bbp_reply_count":0,"_bbp_total_topic_count":0,"_bbp_total_reply_count":0,"_bbp_voice_count":0,"_bbp_anonymous_reply_count":0,"_bbp_topic_count_hidden":0,"_bbp_reply_count_hidden":0,"_bbp_forum_subforum_count":0,"footnotes":""},"class_list":["post-960","page","type-page","status-publish","hentry"],"yoast_head":"<!-- This site is optimized with the Yoast SEO plugin v27.4 - https:\/\/yoast.com\/product\/yoast-seo-wordpress\/ -->\n<title>Qualification - Licence - NordbasketBall.org<\/title>\n<meta name=\"robots\" content=\"index, follow, max-snippet:-1, max-image-preview:large, max-video-preview:-1\" \/>\n<link rel=\"canonical\" href=\"https:\/\/www.nordbasketball.org\/index.php\/qualification\/\" \/>\n<meta property=\"og:locale\" content=\"fr_FR\" \/>\n<meta property=\"og:type\" content=\"article\" \/>\n<meta property=\"og:title\" content=\"Qualification - Licence - NordbasketBall.org\" \/>\n<meta property=\"og:description\" content=\"Vous trouverez ici tous les documents n\u00e9cessaires aux demandes de licence et de surclassement. Documents \u00e0 imprimer ou t\u00e9l\u00e9charger Licence 2022\/23 Proc\u00e9dure Qualifications 2022-2023 Formulaire de demande de licence 2022\/23 Proc\u00e9dure licence T et AST Formulaire de Mutation Papier (si d\u00e9j\u00e0 licenci\u00e9 dans la saison en cours) Demande de modification de couleur licence Demande de lettre de sortie Demande de licence OC (Apr\u00e8s 2 ans de licence OCT dans le m\u00eame Groupement Sportif) Demande de licence joueur(se) pr\u00e9c\u00e9demment licenci\u00e9(e) \u00e0 l&#039;\u00e9tranger Demande d\u2019extension T (si pas possible fbi) Demande de licence AST 2022\/23 Charte d&#039;engagements\u00a0 Autres Imprim\u00e9s FFBB Convention club entente tableau de surclassement 2022-23 Demande de surclassement par m\u00e9decin agr\u00e9\u00e9 certificat m\u00e9dical surclassement par m\u00e9decin de famille\" \/>\n<meta property=\"og:url\" content=\"https:\/\/www.nordbasketball.org\/index.php\/qualification\/\" \/>\n<meta property=\"og:site_name\" content=\"NordbasketBall.org\" \/>\n<meta property=\"article:modified_time\" content=\"2022-06-23T08:18:12+00:00\" \/>\n<meta name=\"twitter:card\" content=\"summary_large_image\" \/>\n<meta name=\"twitter:label1\" content=\"Dur\u00e9e de lecture estim\u00e9e\" \/>\n\t<meta name=\"twitter:data1\" content=\"1 minute\" \/>\n<script type=\"application\/ld+json\" class=\"yoast-schema-graph\">{\"@context\":\"https:\\\/\\\/schema.org\",\"@graph\":[{\"@type\":\"WebPage\",\"@id\":\"https:\\\/\\\/www.nordbasketball.org\\\/index.php\\\/qualification\\\/\",\"url\":\"https:\\\/\\\/www.nordbasketball.org\\\/index.php\\\/qualification\\\/\",\"name\":\"Qualification - Licence - NordbasketBall.org\",\"isPartOf\":{\"@id\":\"https:\\\/\\\/www.nordbasketball.org\\\/#website\"},\"datePublished\":\"2019-05-03T12:16:00+00:00\",\"dateModified\":\"2022-06-23T08:18:12+00:00\",\"breadcrumb\":{\"@id\":\"https:\\\/\\\/www.nordbasketball.org\\\/index.php\\\/qualification\\\/#breadcrumb\"},\"inLanguage\":\"fr-FR\",\"potentialAction\":[{\"@type\":\"ReadAction\",\"target\":[\"https:\\\/\\\/www.nordbasketball.org\\\/index.php\\\/qualification\\\/\"]}]},{\"@type\":\"BreadcrumbList\",\"@id\":\"https:\\\/\\\/www.nordbasketball.org\\\/index.php\\\/qualification\\\/#breadcrumb\",\"itemListElement\":[{\"@type\":\"ListItem\",\"position\":1,\"name\":\"Accueil\",\"item\":\"https:\\\/\\\/www.nordbasketball.org\\\/\"},{\"@type\":\"ListItem\",\"position\":2,\"name\":\"Qualification &#8211; Licence\"}]},{\"@type\":\"WebSite\",\"@id\":\"https:\\\/\\\/www.nordbasketball.org\\\/#website\",\"url\":\"https:\\\/\\\/www.nordbasketball.org\\\/\",\"name\":\"NordbasketBall.org\",\"description\":\"Plus Haut - Plus Fort - Plus Sport !\",\"potentialAction\":[{\"@type\":\"SearchAction\",\"target\":{\"@type\":\"EntryPoint\",\"urlTemplate\":\"https:\\\/\\\/www.nordbasketball.org\\\/?s={search_term_string}\"},\"query-input\":{\"@type\":\"PropertyValueSpecification\",\"valueRequired\":true,\"valueName\":\"search_term_string\"}}],\"inLanguage\":\"fr-FR\"}]}<\/script>\n<!-- \/ Yoast SEO plugin. -->","yoast_head_json":{"title":"Qualification - Licence - NordbasketBall.org","robots":{"index":"index","follow":"follow","max-snippet":"max-snippet:-1","max-image-preview":"max-image-preview:large","max-video-preview":"max-video-preview:-1"},"canonical":"https:\/\/www.nordbasketball.org\/index.php\/qualification\/","og_locale":"fr_FR","og_type":"article","og_title":"Qualification - Licence - NordbasketBall.org","og_description":"Vous trouverez ici tous les documents n\u00e9cessaires aux demandes de licence et de surclassement. Documents \u00e0 imprimer ou t\u00e9l\u00e9charger Licence 2022\/23 Proc\u00e9dure Qualifications 2022-2023 Formulaire de demande de licence 2022\/23 Proc\u00e9dure licence T et AST Formulaire de Mutation Papier (si d\u00e9j\u00e0 licenci\u00e9 dans la saison en cours) Demande de modification de couleur licence Demande de lettre de sortie Demande de licence OC (Apr\u00e8s 2 ans de licence OCT dans le m\u00eame Groupement Sportif) Demande de licence joueur(se) pr\u00e9c\u00e9demment licenci\u00e9(e) \u00e0 l'\u00e9tranger Demande d\u2019extension T (si pas possible fbi) Demande de licence AST 2022\/23 Charte d'engagements\u00a0 Autres Imprim\u00e9s FFBB Convention club entente tableau de surclassement 2022-23 Demande de surclassement par m\u00e9decin agr\u00e9\u00e9 certificat m\u00e9dical surclassement par m\u00e9decin de famille","og_url":"https:\/\/www.nordbasketball.org\/index.php\/qualification\/","og_site_name":"NordbasketBall.org","article_modified_time":"2022-06-23T08:18:12+00:00","twitter_card":"summary_large_image","twitter_misc":{"Dur\u00e9e de lecture estim\u00e9e":"1 minute"},"schema":{"@context":"https:\/\/schema.org","@graph":[{"@type":"WebPage","@id":"https:\/\/www.nordbasketball.org\/index.php\/qualification\/","url":"https:\/\/www.nordbasketball.org\/index.php\/qualification\/","name":"Qualification - Licence - NordbasketBall.org","isPartOf":{"@id":"https:\/\/www.nordbasketball.org\/#website"},"datePublished":"2019-05-03T12:16:00+00:00","dateModified":"2022-06-23T08:18:12+00:00","breadcrumb":{"@id":"https:\/\/www.nordbasketball.org\/index.php\/qualification\/#breadcrumb"},"inLanguage":"fr-FR","potentialAction":[{"@type":"ReadAction","target":["https:\/\/www.nordbasketball.org\/index.php\/qualification\/"]}]},{"@type":"BreadcrumbList","@id":"https:\/\/www.nordbasketball.org\/index.php\/qualification\/#breadcrumb","itemListElement":[{"@type":"ListItem","position":1,"name":"Accueil","item":"https:\/\/www.nordbasketball.org\/"},{"@type":"ListItem","position":2,"name":"Qualification &#8211; Licence"}]},{"@type":"WebSite","@id":"https:\/\/www.nordbasketball.org\/#website","url":"https:\/\/www.nordbasketball.org\/","name":"NordbasketBall.org","description":"Plus Haut - Plus Fort - Plus Sport !","potentialAction":[{"@type":"SearchAction","target":{"@type":"EntryPoint","urlTemplate":"https:\/\/www.nordbasketball.org\/?s={search_term_string}"},"query-input":{"@type":"PropertyValueSpecification","valueRequired":true,"valueName":"search_term_string"}}],"inLanguage":"fr-FR"}]}},"acf":[],"jetpack_likes_enabled":true,"jetpack_sharing_enabled":true,"jetpack_shortlink":"https:\/\/wp.me\/PaRY6e-fu","_links":{"self":[{"href":"https:\/\/www.nordbasketball.org\/index.php\/wp-json\/wp\/v2\/pages\/960","targetHints":{"allow":["GET"]}}],"collection":[{"href":"https:\/\/www.nordbasketball.org\/index.php\/wp-json\/wp\/v2\/pages"}],"about":[{"href":"https:\/\/www.nordbasketball.org\/index.php\/wp-json\/wp\/v2\/types\/page"}],"author":[{"embeddable":true,"href":"https:\/\/www.nordbasketball.org\/index.php\/wp-json\/wp\/v2\/users\/2"}],"replies":[{"embeddable":true,"href":"https:\/\/www.nordbasketball.org\/index.php\/wp-json\/wp\/v2\/comments?post=960"}],"version-history":[{"count":0,"href":"https:\/\/www.nordbasketball.org\/index.php\/wp-json\/wp\/v2\/pages\/960\/revisions"}],"wp:attachment":[{"href":"https:\/\/www.nordbasketball.org\/index.php\/wp-json\/wp\/v2\/media?parent=960"}],"curies":[{"name":"wp","href":"https:\/\/api.w.org\/{rel}","templated":true}]}}