{"id":869,"date":"2019-04-30T18:44:17","date_gmt":"2019-04-30T16:44:17","guid":{"rendered":"https:\/\/www.nordbasketball.org\/?page_id=869"},"modified":"2024-10-27T19:46:42","modified_gmt":"2024-10-27T18:46:42","slug":"district","status":"publish","type":"page","link":"https:\/\/www.nordbasketball.org\/index.php\/district\/","title":{"rendered":"District Terrien"},"content":{"rendered":"<div id=\"pl-869\"  class=\"panel-layout\" ><div id=\"pg-869-0\"  class=\"panel-grid panel-no-style\" ><div id=\"pgc-869-0-0\"  class=\"panel-grid-cell\" ><div id=\"panel-869-0-0-0\" class=\"so-panel widget widget_sow-image panel-first-child panel-last-child\" data-index=\"0\" ><div\n\t\t\t\n\t\t\tclass=\"so-widget-sow-image so-widget-sow-image-default-113ccd71f3e6-869\"\n\t\t\t\n\t\t>\n<div class=\"sow-image-container\">\n\t\t<img fetchpriority=\"high\" \n\tsrc=\"https:\/\/i0.wp.com\/www.nordbasketball.org\/wp-content\/uploads\/2024\/10\/ORGANIGRAMME-DT-20242028.png?fit=1200%2C650&amp;ssl=1\" width=\"1200\" height=\"650\" srcset=\"https:\/\/i0.wp.com\/www.nordbasketball.org\/wp-content\/uploads\/2024\/10\/ORGANIGRAMME-DT-20242028.png?w=1200&amp;ssl=1 1200w, https:\/\/i0.wp.com\/www.nordbasketball.org\/wp-content\/uploads\/2024\/10\/ORGANIGRAMME-DT-20242028.png?resize=300%2C163&amp;ssl=1 300w, https:\/\/i0.wp.com\/www.nordbasketball.org\/wp-content\/uploads\/2024\/10\/ORGANIGRAMME-DT-20242028.png?resize=1024%2C555&amp;ssl=1 1024w, https:\/\/i0.wp.com\/www.nordbasketball.org\/wp-content\/uploads\/2024\/10\/ORGANIGRAMME-DT-20242028.png?resize=768%2C416&amp;ssl=1 768w\" title=\"ORGANIGRAMME DT 20242028\" alt=\"\" \t\tclass=\"so-widget-image\"\/>\n\t<\/div>\n\n<\/div><\/div><\/div><\/div><div id=\"pg-869-1\"  class=\"panel-grid panel-no-style\" ><div id=\"pgc-869-1-0\"  class=\"panel-grid-cell\" ><div id=\"panel-869-1-0-0\" class=\"so-panel widget widget_sow-editor panel-first-child panel-last-child\" data-index=\"1\" ><div\n\t\t\t\n\t\t\tclass=\"so-widget-sow-editor so-widget-sow-editor-base\"\n\t\t\t\n\t\t><h3 class=\"widget-title\">Contact<\/h3>\n<div class=\"siteorigin-widget-tinymce textwidget\">\n\t<p><strong>Pr\u00e9sidente <\/strong>: veronique.vervaeck@orange.fr<br \/>\n<strong>Vice Pr\u00e9sident - R\u00e9compenses<\/strong> : stherbaut59@laposte.net<br \/>\n<strong>Secr\u00e9taire G\u00e9n\u00e9ral <\/strong>: bernard.verkindt@orange.fr<br \/>\n<strong>Tr\u00e9sorier<\/strong> : bertrand.vanhamme@wanadoo.fr<\/p>\n<\/div>\n<\/div><\/div><\/div><div id=\"pgc-869-1-1\"  class=\"panel-grid-cell\" ><div id=\"panel-869-1-1-0\" class=\"so-panel widget widget_sow-editor panel-first-child panel-last-child\" data-index=\"2\" ><div\n\t\t\t\n\t\t\tclass=\"so-widget-sow-editor so-widget-sow-editor-base\"\n\t\t\t\n\t\t>\n<div class=\"siteorigin-widget-tinymce textwidget\">\n\t<p><strong>Commission Sportive<\/strong><br \/>\nsportive@dterrien59.com<\/p>\n<p><strong>Commission D\u00e9signations<\/strong><br \/>\nsamuelbayart@orange.fr<\/p>\n<p><strong>Commission Coupes HOCHARD\/MAILLARD<\/strong><br \/>\nmaxime.soetaert@gmail.com<\/p>\n<p><strong>Commission Coupe VERCAEMER<\/strong><br \/>\nmoreausr@aol.com<\/p>\n<p><strong>Commission Technique<\/strong><br \/>\netiennechristophe64@gmail.com<\/p>\n<\/div>\n<\/div><\/div><\/div><div id=\"pgc-869-1-2\"  class=\"panel-grid-cell\" ><div id=\"panel-869-1-2-0\" class=\"so-panel widget widget_sow-editor panel-first-child panel-last-child\" data-index=\"3\" ><div\n\t\t\t\n\t\t\tclass=\"so-widget-sow-editor so-widget-sow-editor-base\"\n\t\t\t\n\t\t>\n<div class=\"siteorigin-widget-tinymce textwidget\">\n\t<p><strong>Commission Arbitres<\/strong><br \/>\naissa.rachem@free.fr<\/p>\n<p><strong>Commission Observations<\/strong><br \/>\njean-phi.diaz@sncf.fr<\/p>\n<p><strong>Commission Communication<\/strong><br \/>\nromain.kallas@hotmail.fr<\/p>\n<p><strong>Secr\u00e9tariat<\/strong><br \/>\ndterrien3@orange.fr<br \/>\ndterrien2@orange.fr<\/p>\n<\/div>\n<\/div><\/div><\/div><\/div><div id=\"pg-869-2\"  class=\"panel-grid panel-no-style\" ><div id=\"pgc-869-2-0\"  class=\"panel-grid-cell\" ><div id=\"panel-869-2-0-0\" class=\"so-panel widget widget_sow-editor panel-first-child panel-last-child\" data-index=\"4\" ><div\n\t\t\t\n\t\t\tclass=\"so-widget-sow-editor so-widget-sow-editor-base\"\n\t\t\t\n\t\t>\n<div class=\"siteorigin-widget-tinymce textwidget\">\n\t<h6>Suivez les sur Facebook<\/h6>\n<p><a href=\"https:\/\/www.facebook.com\/Les-zinfos-du-Terrien-1018011265002915\/\" target=\"_blank\" rel=\"noopener\"><img data-recalc-dims=\"1\" decoding=\"async\" class=\"alignleft wp-image-930\" src=\"https:\/\/i0.wp.com\/www.nordbasketball.org\/wp-content\/uploads\/2019\/05\/facebook.png?resize=60%2C60&#038;ssl=1\" alt=\"\" width=\"60\" height=\"60\" srcset=\"https:\/\/i0.wp.com\/www.nordbasketball.org\/wp-content\/uploads\/2019\/05\/facebook.png?resize=150%2C150&amp;ssl=1 150w, https:\/\/i0.wp.com\/www.nordbasketball.org\/wp-content\/uploads\/2019\/05\/facebook.png?resize=300%2C300&amp;ssl=1 300w, https:\/\/i0.wp.com\/www.nordbasketball.org\/wp-content\/uploads\/2019\/05\/facebook.png?resize=75%2C75&amp;ssl=1 75w, https:\/\/i0.wp.com\/www.nordbasketball.org\/wp-content\/uploads\/2019\/05\/facebook.png?w=512&amp;ssl=1 512w\" sizes=\"(max-width: 60px) 100vw, 60px\" \/><\/a><\/p>\n<\/div>\n<\/div><\/div><\/div><\/div><\/div>","protected":false},"excerpt":{"rendered":"<p>Pr\u00e9sidente : veronique.vervaeck@orange.fr Vice Pr\u00e9sident &#8211; R\u00e9compenses : stherbaut59@laposte.net Secr\u00e9taire G\u00e9n\u00e9ral : bernard.verkindt@orange.fr Tr\u00e9sorier : bertrand.vanhamme@wanadoo.fr Commission Sportive sportive@dterrien59.com Commission D\u00e9signations samuelbayart@orange.fr Commission Coupes HOCHARD\/MAILLARD maxime.soetaert@gmail.com Commission Coupe VERCAEMER moreausr@aol.com Commission Technique etiennechristophe64@gmail.com Commission Arbitres aissa.rachem@free.fr Commission Observations jean-phi.diaz@sncf.fr Commission Communication romain.kallas@hotmail.fr Secr\u00e9tariat dterrien3@orange.fr dterrien2@orange.fr<\/p>\n","protected":false},"author":2,"featured_media":0,"parent":0,"menu_order":0,"comment_status":"closed","ping_status":"closed","template":"","meta":{"_bbp_topic_count":0,"_bbp_reply_count":0,"_bbp_total_topic_count":0,"_bbp_total_reply_count":0,"_bbp_voice_count":0,"_bbp_anonymous_reply_count":0,"_bbp_topic_count_hidden":0,"_bbp_reply_count_hidden":0,"_bbp_forum_subforum_count":0,"footnotes":""},"class_list":["post-869","page","type-page","status-publish","hentry"],"yoast_head":"<!-- This site is optimized with the Yoast SEO plugin v27.5 - https:\/\/yoast.com\/product\/yoast-seo-wordpress\/ -->\n<title>District Terrien - NordbasketBall.org<\/title>\n<meta name=\"robots\" content=\"index, follow, max-snippet:-1, max-image-preview:large, max-video-preview:-1\" \/>\n<link rel=\"canonical\" href=\"https:\/\/www.nordbasketball.org\/index.php\/district\/\" \/>\n<meta property=\"og:locale\" content=\"fr_FR\" \/>\n<meta property=\"og:type\" content=\"article\" \/>\n<meta property=\"og:title\" content=\"District Terrien - NordbasketBall.org\" \/>\n<meta property=\"og:description\" content=\"Pr\u00e9sidente : veronique.vervaeck@orange.fr Vice Pr\u00e9sident - R\u00e9compenses : stherbaut59@laposte.net Secr\u00e9taire G\u00e9n\u00e9ral : bernard.verkindt@orange.fr Tr\u00e9sorier : bertrand.vanhamme@wanadoo.fr Commission Sportive sportive@dterrien59.com Commission D\u00e9signations samuelbayart@orange.fr Commission Coupes HOCHARD\/MAILLARD maxime.soetaert@gmail.com Commission Coupe VERCAEMER moreausr@aol.com Commission Technique etiennechristophe64@gmail.com Commission Arbitres aissa.rachem@free.fr Commission Observations jean-phi.diaz@sncf.fr Commission Communication romain.kallas@hotmail.fr Secr\u00e9tariat dterrien3@orange.fr dterrien2@orange.fr\" \/>\n<meta property=\"og:url\" content=\"https:\/\/www.nordbasketball.org\/index.php\/district\/\" \/>\n<meta property=\"og:site_name\" content=\"NordbasketBall.org\" \/>\n<meta property=\"article:modified_time\" content=\"2024-10-27T18:46:42+00:00\" \/>\n<meta property=\"og:image\" content=\"https:\/\/www.nordbasketball.org\/wp-content\/uploads\/2019\/05\/facebook-150x150.png\" \/>\n<meta name=\"twitter:card\" content=\"summary_large_image\" \/>\n<meta name=\"twitter:label1\" content=\"Dur\u00e9e de lecture estim\u00e9e\" \/>\n\t<meta name=\"twitter:data1\" content=\"1 minute\" \/>\n<script type=\"application\/ld+json\" class=\"yoast-schema-graph\">{\"@context\":\"https:\\\/\\\/schema.org\",\"@graph\":[{\"@type\":\"WebPage\",\"@id\":\"https:\\\/\\\/www.nordbasketball.org\\\/index.php\\\/district\\\/\",\"url\":\"https:\\\/\\\/www.nordbasketball.org\\\/index.php\\\/district\\\/\",\"name\":\"District Terrien - NordbasketBall.org\",\"isPartOf\":{\"@id\":\"https:\\\/\\\/www.nordbasketball.org\\\/#website\"},\"primaryImageOfPage\":{\"@id\":\"https:\\\/\\\/www.nordbasketball.org\\\/index.php\\\/district\\\/#primaryimage\"},\"image\":{\"@id\":\"https:\\\/\\\/www.nordbasketball.org\\\/index.php\\\/district\\\/#primaryimage\"},\"thumbnailUrl\":\"https:\\\/\\\/www.nordbasketball.org\\\/wp-content\\\/uploads\\\/2019\\\/05\\\/facebook-150x150.png\",\"datePublished\":\"2019-04-30T16:44:17+00:00\",\"dateModified\":\"2024-10-27T18:46:42+00:00\",\"breadcrumb\":{\"@id\":\"https:\\\/\\\/www.nordbasketball.org\\\/index.php\\\/district\\\/#breadcrumb\"},\"inLanguage\":\"fr-FR\",\"potentialAction\":[{\"@type\":\"ReadAction\",\"target\":[\"https:\\\/\\\/www.nordbasketball.org\\\/index.php\\\/district\\\/\"]}]},{\"@type\":\"ImageObject\",\"inLanguage\":\"fr-FR\",\"@id\":\"https:\\\/\\\/www.nordbasketball.org\\\/index.php\\\/district\\\/#primaryimage\",\"url\":\"https:\\\/\\\/i0.wp.com\\\/www.nordbasketball.org\\\/wp-content\\\/uploads\\\/2019\\\/05\\\/facebook.png?fit=512%2C512&ssl=1\",\"contentUrl\":\"https:\\\/\\\/i0.wp.com\\\/www.nordbasketball.org\\\/wp-content\\\/uploads\\\/2019\\\/05\\\/facebook.png?fit=512%2C512&ssl=1\",\"width\":512,\"height\":512},{\"@type\":\"BreadcrumbList\",\"@id\":\"https:\\\/\\\/www.nordbasketball.org\\\/index.php\\\/district\\\/#breadcrumb\",\"itemListElement\":[{\"@type\":\"ListItem\",\"position\":1,\"name\":\"Accueil\",\"item\":\"https:\\\/\\\/www.nordbasketball.org\\\/\"},{\"@type\":\"ListItem\",\"position\":2,\"name\":\"District Terrien\"}]},{\"@type\":\"WebSite\",\"@id\":\"https:\\\/\\\/www.nordbasketball.org\\\/#website\",\"url\":\"https:\\\/\\\/www.nordbasketball.org\\\/\",\"name\":\"NordbasketBall.org\",\"description\":\"Plus Haut - Plus Fort - Plus Sport !\",\"potentialAction\":[{\"@type\":\"SearchAction\",\"target\":{\"@type\":\"EntryPoint\",\"urlTemplate\":\"https:\\\/\\\/www.nordbasketball.org\\\/?s={search_term_string}\"},\"query-input\":{\"@type\":\"PropertyValueSpecification\",\"valueRequired\":true,\"valueName\":\"search_term_string\"}}],\"inLanguage\":\"fr-FR\"}]}<\/script>\n<!-- \/ Yoast SEO plugin. -->","yoast_head_json":{"title":"District Terrien - NordbasketBall.org","robots":{"index":"index","follow":"follow","max-snippet":"max-snippet:-1","max-image-preview":"max-image-preview:large","max-video-preview":"max-video-preview:-1"},"canonical":"https:\/\/www.nordbasketball.org\/index.php\/district\/","og_locale":"fr_FR","og_type":"article","og_title":"District Terrien - NordbasketBall.org","og_description":"Pr\u00e9sidente : veronique.vervaeck@orange.fr Vice Pr\u00e9sident - R\u00e9compenses : stherbaut59@laposte.net Secr\u00e9taire G\u00e9n\u00e9ral : bernard.verkindt@orange.fr Tr\u00e9sorier : bertrand.vanhamme@wanadoo.fr Commission Sportive sportive@dterrien59.com Commission D\u00e9signations samuelbayart@orange.fr Commission Coupes HOCHARD\/MAILLARD maxime.soetaert@gmail.com Commission Coupe VERCAEMER moreausr@aol.com Commission Technique etiennechristophe64@gmail.com Commission Arbitres aissa.rachem@free.fr Commission Observations jean-phi.diaz@sncf.fr Commission Communication romain.kallas@hotmail.fr Secr\u00e9tariat dterrien3@orange.fr dterrien2@orange.fr","og_url":"https:\/\/www.nordbasketball.org\/index.php\/district\/","og_site_name":"NordbasketBall.org","article_modified_time":"2024-10-27T18:46:42+00:00","og_image":[{"url":"https:\/\/www.nordbasketball.org\/wp-content\/uploads\/2019\/05\/facebook-150x150.png","type":"","width":"","height":""}],"twitter_card":"summary_large_image","twitter_misc":{"Dur\u00e9e de lecture estim\u00e9e":"1 minute"},"schema":{"@context":"https:\/\/schema.org","@graph":[{"@type":"WebPage","@id":"https:\/\/www.nordbasketball.org\/index.php\/district\/","url":"https:\/\/www.nordbasketball.org\/index.php\/district\/","name":"District Terrien - NordbasketBall.org","isPartOf":{"@id":"https:\/\/www.nordbasketball.org\/#website"},"primaryImageOfPage":{"@id":"https:\/\/www.nordbasketball.org\/index.php\/district\/#primaryimage"},"image":{"@id":"https:\/\/www.nordbasketball.org\/index.php\/district\/#primaryimage"},"thumbnailUrl":"https:\/\/www.nordbasketball.org\/wp-content\/uploads\/2019\/05\/facebook-150x150.png","datePublished":"2019-04-30T16:44:17+00:00","dateModified":"2024-10-27T18:46:42+00:00","breadcrumb":{"@id":"https:\/\/www.nordbasketball.org\/index.php\/district\/#breadcrumb"},"inLanguage":"fr-FR","potentialAction":[{"@type":"ReadAction","target":["https:\/\/www.nordbasketball.org\/index.php\/district\/"]}]},{"@type":"ImageObject","inLanguage":"fr-FR","@id":"https:\/\/www.nordbasketball.org\/index.php\/district\/#primaryimage","url":"https:\/\/i0.wp.com\/www.nordbasketball.org\/wp-content\/uploads\/2019\/05\/facebook.png?fit=512%2C512&ssl=1","contentUrl":"https:\/\/i0.wp.com\/www.nordbasketball.org\/wp-content\/uploads\/2019\/05\/facebook.png?fit=512%2C512&ssl=1","width":512,"height":512},{"@type":"BreadcrumbList","@id":"https:\/\/www.nordbasketball.org\/index.php\/district\/#breadcrumb","itemListElement":[{"@type":"ListItem","position":1,"name":"Accueil","item":"https:\/\/www.nordbasketball.org\/"},{"@type":"ListItem","position":2,"name":"District Terrien"}]},{"@type":"WebSite","@id":"https:\/\/www.nordbasketball.org\/#website","url":"https:\/\/www.nordbasketball.org\/","name":"NordbasketBall.org","description":"Plus Haut - Plus Fort - Plus Sport !","potentialAction":[{"@type":"SearchAction","target":{"@type":"EntryPoint","urlTemplate":"https:\/\/www.nordbasketball.org\/?s={search_term_string}"},"query-input":{"@type":"PropertyValueSpecification","valueRequired":true,"valueName":"search_term_string"}}],"inLanguage":"fr-FR"}]}},"acf":[],"jetpack_likes_enabled":true,"jetpack_sharing_enabled":true,"jetpack_shortlink":"https:\/\/wp.me\/PaRY6e-e1","_links":{"self":[{"href":"https:\/\/www.nordbasketball.org\/index.php\/wp-json\/wp\/v2\/pages\/869","targetHints":{"allow":["GET"]}}],"collection":[{"href":"https:\/\/www.nordbasketball.org\/index.php\/wp-json\/wp\/v2\/pages"}],"about":[{"href":"https:\/\/www.nordbasketball.org\/index.php\/wp-json\/wp\/v2\/types\/page"}],"author":[{"embeddable":true,"href":"https:\/\/www.nordbasketball.org\/index.php\/wp-json\/wp\/v2\/users\/2"}],"replies":[{"embeddable":true,"href":"https:\/\/www.nordbasketball.org\/index.php\/wp-json\/wp\/v2\/comments?post=869"}],"version-history":[{"count":2,"href":"https:\/\/www.nordbasketball.org\/index.php\/wp-json\/wp\/v2\/pages\/869\/revisions"}],"predecessor-version":[{"id":5715,"href":"https:\/\/www.nordbasketball.org\/index.php\/wp-json\/wp\/v2\/pages\/869\/revisions\/5715"}],"wp:attachment":[{"href":"https:\/\/www.nordbasketball.org\/index.php\/wp-json\/wp\/v2\/media?parent=869"}],"curies":[{"name":"wp","href":"https:\/\/api.w.org\/{rel}","templated":true}]}}