{"id":5839,"date":"2024-11-22T11:38:39","date_gmt":"2024-11-22T10:38:39","guid":{"rendered":"https:\/\/www.nordbasketball.org\/?page_id=5839"},"modified":"2025-10-30T14:46:46","modified_gmt":"2025-10-30T13:46:46","slug":"docs-competitions-3-x-3","status":"publish","type":"page","link":"https:\/\/www.nordbasketball.org\/index.php\/docs-competitions-3-x-3\/","title":{"rendered":"Docs \u2013 Comp\u00e9titions \u2013 3 x 3"},"content":{"rendered":"<div id=\"pl-5839\"  class=\"panel-layout\" ><div id=\"pg-5839-0\"  class=\"panel-grid panel-no-style\" ><div id=\"pgc-5839-0-0\"  class=\"panel-grid-cell\" ><div id=\"panel-5839-0-0-0\" class=\"so-panel widget widget_sow-editor panel-first-child panel-last-child\" data-index=\"0\" ><div\n\t\t\t\n\t\t\tclass=\"so-widget-sow-editor so-widget-sow-editor-base\"\n\t\t\t\n\t\t><h3 class=\"widget-title\">Documents \u00e0 t\u00e9l\u00e9charger ou imprimer<\/h3>\n<div class=\"siteorigin-widget-tinymce textwidget\">\n\t<h4><u>Documents \u00e0 t\u00e9l\u00e9charger ou imprimer<\/u><\/h4>\n<ul>\n<li><a href=\"https:\/\/www.nordbasketball.org\/wp-content\/uploads\/2025\/10\/Calendrier-3x3-2526.jpg\">Calendrier \"STOP\" 3x3<\/a><\/li>\n<li><a href=\"https:\/\/www.nordbasketball.org\/wp-content\/uploads\/2025\/10\/20252026reglement-championnat-3x3-CDNBB59-.pdf\">R\u00e8glement Championnat 3x3<\/a><\/li>\n<li><a href=\"https:\/\/www.nordbasketball.org\/wp-content\/uploads\/2025\/10\/FICHE_ENGAGEMENT_3x3_STOP_CD_59_2025_2026.xlsx\">Fiche engagement 3x3<\/a><\/li>\n<li><a href=\"https:\/\/www.nordbasketball.org\/wp-content\/uploads\/2025\/10\/FICHE-POSITIONNEMENT-SERIES-3X3-2025-202684.docx\">Fiche positionnement -s\u00e9ries 3x3<\/a><\/li>\n<\/ul>\n<\/div>\n<\/div><\/div><\/div><\/div><\/div>","protected":false},"excerpt":{"rendered":"<p>Documents \u00e0 t\u00e9l\u00e9charger ou imprimer Calendrier \u00ab\u00a0STOP\u00a0\u00bb 3&#215;3 R\u00e8glement Championnat 3&#215;3 Fiche engagement 3&#215;3 Fiche positionnement -s\u00e9ries 3&#215;3<\/p>\n","protected":false},"author":1,"featured_media":0,"parent":0,"menu_order":0,"comment_status":"closed","ping_status":"closed","template":"","meta":{"_bbp_topic_count":0,"_bbp_reply_count":0,"_bbp_total_topic_count":0,"_bbp_total_reply_count":0,"_bbp_voice_count":0,"_bbp_anonymous_reply_count":0,"_bbp_topic_count_hidden":0,"_bbp_reply_count_hidden":0,"_bbp_forum_subforum_count":0,"footnotes":""},"class_list":["post-5839","page","type-page","status-publish","hentry"],"yoast_head":"<!-- This site is optimized with the Yoast SEO plugin v27.3 - https:\/\/yoast.com\/product\/yoast-seo-wordpress\/ -->\n<title>Docs \u2013 Comp\u00e9titions \u2013 3 x 3 - NordbasketBall.org<\/title>\n<meta name=\"robots\" content=\"index, follow, max-snippet:-1, max-image-preview:large, max-video-preview:-1\" \/>\n<link rel=\"canonical\" href=\"https:\/\/www.nordbasketball.org\/index.php\/docs-competitions-3-x-3\/\" \/>\n<meta property=\"og:locale\" content=\"fr_FR\" \/>\n<meta property=\"og:type\" content=\"article\" \/>\n<meta property=\"og:title\" content=\"Docs \u2013 Comp\u00e9titions \u2013 3 x 3 - NordbasketBall.org\" \/>\n<meta property=\"og:description\" content=\"Documents \u00e0 t\u00e9l\u00e9charger ou imprimer Calendrier &quot;STOP&quot; 3x3 R\u00e8glement Championnat 3x3 Fiche engagement 3x3 Fiche positionnement -s\u00e9ries 3x3\" \/>\n<meta property=\"og:url\" content=\"https:\/\/www.nordbasketball.org\/index.php\/docs-competitions-3-x-3\/\" \/>\n<meta property=\"og:site_name\" content=\"NordbasketBall.org\" \/>\n<meta property=\"article:modified_time\" content=\"2025-10-30T13:46:46+00:00\" \/>\n<meta name=\"twitter:card\" content=\"summary_large_image\" \/>\n<meta name=\"twitter:label1\" content=\"Dur\u00e9e de lecture estim\u00e9e\" \/>\n\t<meta name=\"twitter:data1\" content=\"1 minute\" \/>\n<script type=\"application\/ld+json\" class=\"yoast-schema-graph\">{\"@context\":\"https:\\\/\\\/schema.org\",\"@graph\":[{\"@type\":\"WebPage\",\"@id\":\"https:\\\/\\\/www.nordbasketball.org\\\/index.php\\\/docs-competitions-3-x-3\\\/\",\"url\":\"https:\\\/\\\/www.nordbasketball.org\\\/index.php\\\/docs-competitions-3-x-3\\\/\",\"name\":\"Docs \u2013 Comp\u00e9titions \u2013 3 x 3 - NordbasketBall.org\",\"isPartOf\":{\"@id\":\"https:\\\/\\\/www.nordbasketball.org\\\/#website\"},\"datePublished\":\"2024-11-22T10:38:39+00:00\",\"dateModified\":\"2025-10-30T13:46:46+00:00\",\"breadcrumb\":{\"@id\":\"https:\\\/\\\/www.nordbasketball.org\\\/index.php\\\/docs-competitions-3-x-3\\\/#breadcrumb\"},\"inLanguage\":\"fr-FR\",\"potentialAction\":[{\"@type\":\"ReadAction\",\"target\":[\"https:\\\/\\\/www.nordbasketball.org\\\/index.php\\\/docs-competitions-3-x-3\\\/\"]}]},{\"@type\":\"BreadcrumbList\",\"@id\":\"https:\\\/\\\/www.nordbasketball.org\\\/index.php\\\/docs-competitions-3-x-3\\\/#breadcrumb\",\"itemListElement\":[{\"@type\":\"ListItem\",\"position\":1,\"name\":\"Accueil\",\"item\":\"https:\\\/\\\/www.nordbasketball.org\\\/\"},{\"@type\":\"ListItem\",\"position\":2,\"name\":\"Docs \u2013 Comp\u00e9titions \u2013 3 x 3\"}]},{\"@type\":\"WebSite\",\"@id\":\"https:\\\/\\\/www.nordbasketball.org\\\/#website\",\"url\":\"https:\\\/\\\/www.nordbasketball.org\\\/\",\"name\":\"NordbasketBall.org\",\"description\":\"Plus Haut - Plus Fort - Plus Sport !\",\"potentialAction\":[{\"@type\":\"SearchAction\",\"target\":{\"@type\":\"EntryPoint\",\"urlTemplate\":\"https:\\\/\\\/www.nordbasketball.org\\\/?s={search_term_string}\"},\"query-input\":{\"@type\":\"PropertyValueSpecification\",\"valueRequired\":true,\"valueName\":\"search_term_string\"}}],\"inLanguage\":\"fr-FR\"}]}<\/script>\n<!-- \/ Yoast SEO plugin. -->","yoast_head_json":{"title":"Docs \u2013 Comp\u00e9titions \u2013 3 x 3 - NordbasketBall.org","robots":{"index":"index","follow":"follow","max-snippet":"max-snippet:-1","max-image-preview":"max-image-preview:large","max-video-preview":"max-video-preview:-1"},"canonical":"https:\/\/www.nordbasketball.org\/index.php\/docs-competitions-3-x-3\/","og_locale":"fr_FR","og_type":"article","og_title":"Docs \u2013 Comp\u00e9titions \u2013 3 x 3 - NordbasketBall.org","og_description":"Documents \u00e0 t\u00e9l\u00e9charger ou imprimer Calendrier \"STOP\" 3x3 R\u00e8glement Championnat 3x3 Fiche engagement 3x3 Fiche positionnement -s\u00e9ries 3x3","og_url":"https:\/\/www.nordbasketball.org\/index.php\/docs-competitions-3-x-3\/","og_site_name":"NordbasketBall.org","article_modified_time":"2025-10-30T13:46:46+00:00","twitter_card":"summary_large_image","twitter_misc":{"Dur\u00e9e de lecture estim\u00e9e":"1 minute"},"schema":{"@context":"https:\/\/schema.org","@graph":[{"@type":"WebPage","@id":"https:\/\/www.nordbasketball.org\/index.php\/docs-competitions-3-x-3\/","url":"https:\/\/www.nordbasketball.org\/index.php\/docs-competitions-3-x-3\/","name":"Docs \u2013 Comp\u00e9titions \u2013 3 x 3 - NordbasketBall.org","isPartOf":{"@id":"https:\/\/www.nordbasketball.org\/#website"},"datePublished":"2024-11-22T10:38:39+00:00","dateModified":"2025-10-30T13:46:46+00:00","breadcrumb":{"@id":"https:\/\/www.nordbasketball.org\/index.php\/docs-competitions-3-x-3\/#breadcrumb"},"inLanguage":"fr-FR","potentialAction":[{"@type":"ReadAction","target":["https:\/\/www.nordbasketball.org\/index.php\/docs-competitions-3-x-3\/"]}]},{"@type":"BreadcrumbList","@id":"https:\/\/www.nordbasketball.org\/index.php\/docs-competitions-3-x-3\/#breadcrumb","itemListElement":[{"@type":"ListItem","position":1,"name":"Accueil","item":"https:\/\/www.nordbasketball.org\/"},{"@type":"ListItem","position":2,"name":"Docs \u2013 Comp\u00e9titions \u2013 3 x 3"}]},{"@type":"WebSite","@id":"https:\/\/www.nordbasketball.org\/#website","url":"https:\/\/www.nordbasketball.org\/","name":"NordbasketBall.org","description":"Plus Haut - Plus Fort - Plus Sport !","potentialAction":[{"@type":"SearchAction","target":{"@type":"EntryPoint","urlTemplate":"https:\/\/www.nordbasketball.org\/?s={search_term_string}"},"query-input":{"@type":"PropertyValueSpecification","valueRequired":true,"valueName":"search_term_string"}}],"inLanguage":"fr-FR"}]}},"acf":[],"jetpack_likes_enabled":true,"jetpack_sharing_enabled":true,"jetpack_shortlink":"https:\/\/wp.me\/PaRY6e-1wb","_links":{"self":[{"href":"https:\/\/www.nordbasketball.org\/index.php\/wp-json\/wp\/v2\/pages\/5839","targetHints":{"allow":["GET"]}}],"collection":[{"href":"https:\/\/www.nordbasketball.org\/index.php\/wp-json\/wp\/v2\/pages"}],"about":[{"href":"https:\/\/www.nordbasketball.org\/index.php\/wp-json\/wp\/v2\/types\/page"}],"author":[{"embeddable":true,"href":"https:\/\/www.nordbasketball.org\/index.php\/wp-json\/wp\/v2\/users\/1"}],"replies":[{"embeddable":true,"href":"https:\/\/www.nordbasketball.org\/index.php\/wp-json\/wp\/v2\/comments?post=5839"}],"version-history":[{"count":3,"href":"https:\/\/www.nordbasketball.org\/index.php\/wp-json\/wp\/v2\/pages\/5839\/revisions"}],"predecessor-version":[{"id":6233,"href":"https:\/\/www.nordbasketball.org\/index.php\/wp-json\/wp\/v2\/pages\/5839\/revisions\/6233"}],"wp:attachment":[{"href":"https:\/\/www.nordbasketball.org\/index.php\/wp-json\/wp\/v2\/media?parent=5839"}],"curies":[{"name":"wp","href":"https:\/\/api.w.org\/{rel}","templated":true}]}}