{"id":1423,"date":"2019-05-24T11:13:36","date_gmt":"2019-05-24T09:13:36","guid":{"rendered":"https:\/\/www.nordbasketball.org\/?page_id=1423"},"modified":"2025-10-30T14:56:03","modified_gmt":"2025-10-30T13:56:03","slug":"3x3","status":"publish","type":"page","link":"https:\/\/www.nordbasketball.org\/index.php\/3x3\/","title":{"rendered":"3&#215;3"},"content":{"rendered":"<div id=\"pl-1423\"  class=\"panel-layout\" ><div id=\"pg-1423-0\"  class=\"panel-grid panel-no-style\" ><div id=\"pgc-1423-0-0\"  class=\"panel-grid-cell\" ><div id=\"panel-1423-0-0-0\" class=\"so-panel widget widget_sow-editor panel-first-child\" data-index=\"0\" ><div\n\t\t\t\n\t\t\tclass=\"so-widget-sow-editor so-widget-sow-editor-base\"\n\t\t\t\n\t\t><h3 class=\"widget-title\">Le 3x3<\/h3>\n<div class=\"siteorigin-widget-tinymce textwidget\">\n\t<p>Le championnat 3x3 est une nouvelle discipline olympique et approche du basket-ball d\u00e9velopp\u00e9e dans votre d\u00e9partement.<\/p>\n<p>C'est un concept unique et innovant bas\u00e9 sur une gestion autonome. Les \u00e9quipes sont constitu\u00e9es pour un match, un tournoi ou plus ! Il se joue sur demi-terrain avec un seul panier. Il demande des qualit\u00e9s d\u2019explosivit\u00e9 ainsi qu\u2019une gestuelle pr\u00e9cise et ma\u00eetris\u00e9e.<\/p>\n<p>Alors si vous aimez jouer au basket, cette discipline vous offre plus de spectacle, plus de 1x1 et toujours plus de sport !<\/p>\n<p>&nbsp;<\/p>\n<p>Si vous souhaitez plus de renseignements, n'h\u00e9sitez pas \u00e0 contacter Loric MINNE \u00e0 l'adresse mail suivante : lminne@nordbasketball.org<\/p>\n<p>&nbsp;<\/p>\n<h4><a href=\"https:\/\/www.nordbasketball.org\/index.php\/docs-competitions-3-x-3\/\"><u>Documents \u00e0 t\u00e9l\u00e9charger ou imprimer<\/u><\/a><\/h4>\n<\/div>\n<\/div><\/div><div id=\"panel-1423-0-0-1\" class=\"so-panel widget widget_sow-post-carousel panel-last-child\" data-index=\"1\" ><div\n\t\t\t\n\t\t\tclass=\"so-widget-sow-post-carousel so-widget-sow-post-carousel-base-ad93eedad001-1423\"\n\t\t\t\n\t\t>\t<div\n\t\tclass=\"sow-post-carousel-wrapper sow-post-carousel-theme-base\"\n\t\tstyle=\"overflow: hidden; max-width: 100%; min-height: 182px\"\n\t>\n\t\t<div class=\"sow-carousel-title has-title\">\n\t<h3 class=\"widget-title\">Vous pouvez aussi \u00eatre int\u00e9ress\u00e9(e) par... <\/h3>\t\t<div class=\"sow-carousel-navigation \">\n\t\t\t\t\t\t<a href=\"#\" class=\"sow-carousel-next\" title=\"Suivant\" aria-label=\"Next Posts\" role=\"button\"><\/a>\n\t\t\t\t\t\t<a href=\"#\" class=\"sow-carousel-previous\" title=\"Pr\u00e9c\u00e9dent\" aria-label=\"Previous Posts\" role=\"button\"><\/a>\n\t\t\t\t\t<\/div>\n\t<\/div>\n\n<div class=\"sow-carousel-container \">\n\t\t<div class=\"sow-carousel-wrapper\"\n\t\tdata-dir=\"ltr\"\n\t\tstyle=\"opacity: 0;\"\n\t\tdata-widget=\"post\" data-fetching=\"false\" data-page=\"1\" data-ajax-url=\"https:\/\/www.nordbasketball.org\/wp-admin\/admin-ajax.php?_widgets_nonce=761cd1d70f\" data-item_count=\"7\" data-carousel_settings=\"{&quot;loop&quot;:true,&quot;animation&quot;:&quot;Ease&quot;,&quot;animation_speed&quot;:400,&quot;autoplay&quot;:&quot;&quot;,&quot;pauseOnHover&quot;:&quot;&quot;,&quot;autoplaySpeed&quot;:8000,&quot;item_overflow&quot;:true,&quot;autoplay_continuous_scroll&quot;:false}\" data-responsive=\"{&quot;desktop_slides_to_scroll&quot;:1,&quot;tablet_landscape_breakpoint&quot;:1366,&quot;tablet_landscape_slides_to_scroll&quot;:2,&quot;tablet_portrait_breakpoint&quot;:1025,&quot;tablet_portrait_slides_to_scroll&quot;:2,&quot;mobile_breakpoint&quot;:480,&quot;mobile_slides_to_scroll&quot;:1}\" data-variable_width=\"true\" \t>\n\t\t<div\n\t\t\tclass=\"sow-carousel-items\"\n\t\t\t\t\t>\n\t\t\t\t<div class=\"sow-carousel-item\" tabindex=\"-1\" style=\"float: left;\">\n\t\t<div class=\"sow-carousel-thumbnail\">\n\t\t\t\t\t\t\t<a\n\t\t\t\t\thref=\"https:\/\/www.nordbasketball.org\/index.php\/3x3-les-spicy-girl-et-les-dunkerquoises-sont-a-lhonneur\/\"\n\t\t\t\t\t\t\t\t\t\tstyle=\"background-image: url( https:\/\/i0.wp.com\/www.nordbasketball.org\/wp-content\/uploads\/2021\/11\/IMG-20211109-WA0017.jpg?resize=272%2C182&#038;ssl=1 )\"\n\t\t\t\t\taria-labelledby=\"sow-carousel-id-4271\"\n\t\t\t\t\ttabindex=\"-1\"\n\t\t\t\t>\n\t\t\t\t\t<span class=\"overlay\"><\/span>\n\t\t\t\t<\/a>\n\t\t\t\t\t<\/div>\n\t\t<h3 class=\"sow-carousel-item-title\">\n\t\t\t<a\n\t\t\t\thref=\"https:\/\/www.nordbasketball.org\/index.php\/3x3-les-spicy-girl-et-les-dunkerquoises-sont-a-lhonneur\/\"\n\t\t\t\tid=\"sow-carousel-id-4271\"\n\t\t\t\t\t\t\t\ttabindex=\"-1\"\n\t\t\t>\n\n\t\t\t\t[3X3] \u00ab\u00a0Les Spicy Girl\u00a0\u00bb et \u00ab\u00a0Les Dunkerquoises\u00a0\u00bb sont \u00e0 l&rsquo;honneur\t\t\t<\/a>\n\t\t<\/h3>\n\t<\/div>\n\t\t<div class=\"sow-carousel-item\" tabindex=\"-1\" style=\"float: left;\">\n\t\t<div class=\"sow-carousel-thumbnail\">\n\t\t\t\t\t\t\t<a\n\t\t\t\t\thref=\"https:\/\/www.nordbasketball.org\/index.php\/engagement-championnat-3x3\/\"\n\t\t\t\t\t\t\t\t\t\tstyle=\"background-image: url( https:\/\/i0.wp.com\/www.nordbasketball.org\/wp-content\/uploads\/2020\/09\/3X3.png?resize=272%2C182&#038;ssl=1 )\"\n\t\t\t\t\taria-labelledby=\"sow-carousel-id-3047\"\n\t\t\t\t\ttabindex=\"-1\"\n\t\t\t\t>\n\t\t\t\t\t<span class=\"overlay\"><\/span>\n\t\t\t\t<\/a>\n\t\t\t\t\t<\/div>\n\t\t<h3 class=\"sow-carousel-item-title\">\n\t\t\t<a\n\t\t\t\thref=\"https:\/\/www.nordbasketball.org\/index.php\/engagement-championnat-3x3\/\"\n\t\t\t\tid=\"sow-carousel-id-3047\"\n\t\t\t\t\t\t\t\ttabindex=\"-1\"\n\t\t\t>\n\n\t\t\t\tEngagement Championnat 3&#215;3\t\t\t<\/a>\n\t\t<\/h3>\n\t<\/div>\n\t\t<div class=\"sow-carousel-item\" tabindex=\"-1\" style=\"float: left;\">\n\t\t<div class=\"sow-carousel-thumbnail\">\n\t\t\t\t\t\t\t<a\n\t\t\t\t\thref=\"https:\/\/www.nordbasketball.org\/index.php\/informations-championnats-3x3-2020-2021\/\"\n\t\t\t\t\t\t\t\t\t\tstyle=\"background-image: url( https:\/\/i0.wp.com\/www.nordbasketball.org\/wp-content\/uploads\/2020\/07\/COMMUNIQUE-DU-CDNBB-15.png?resize=272%2C182&#038;ssl=1 )\"\n\t\t\t\t\taria-labelledby=\"sow-carousel-id-2900\"\n\t\t\t\t\ttabindex=\"-1\"\n\t\t\t\t>\n\t\t\t\t\t<span class=\"overlay\"><\/span>\n\t\t\t\t<\/a>\n\t\t\t\t\t<\/div>\n\t\t<h3 class=\"sow-carousel-item-title\">\n\t\t\t<a\n\t\t\t\thref=\"https:\/\/www.nordbasketball.org\/index.php\/informations-championnats-3x3-2020-2021\/\"\n\t\t\t\tid=\"sow-carousel-id-2900\"\n\t\t\t\t\t\t\t\ttabindex=\"-1\"\n\t\t\t>\n\n\t\t\t\tInformations Championnats 3&#215;3 2020-2021\t\t\t<\/a>\n\t\t<\/h3>\n\t<\/div>\n\t\t<div class=\"sow-carousel-item\" tabindex=\"-1\" style=\"float: left;\">\n\t\t<div class=\"sow-carousel-thumbnail\">\n\t\t\t\t\t\t\t<a\n\t\t\t\t\thref=\"https:\/\/www.nordbasketball.org\/index.php\/championnat-3x3-1ere-journee\/\"\n\t\t\t\t\t\t\t\t\t\tstyle=\"background-image: url( https:\/\/i0.wp.com\/www.nordbasketball.org\/wp-content\/uploads\/2019\/11\/Super-Sonic-Summer-2.png?resize=272%2C182&#038;ssl=1 )\"\n\t\t\t\t\taria-labelledby=\"sow-carousel-id-2184\"\n\t\t\t\t\ttabindex=\"-1\"\n\t\t\t\t>\n\t\t\t\t\t<span class=\"overlay\"><\/span>\n\t\t\t\t<\/a>\n\t\t\t\t\t<\/div>\n\t\t<h3 class=\"sow-carousel-item-title\">\n\t\t\t<a\n\t\t\t\thref=\"https:\/\/www.nordbasketball.org\/index.php\/championnat-3x3-1ere-journee\/\"\n\t\t\t\tid=\"sow-carousel-id-2184\"\n\t\t\t\t\t\t\t\ttabindex=\"-1\"\n\t\t\t>\n\n\t\t\t\tChampionnat 3X3 &#8211; 1\u00e8re Journ\u00e9e &#8211; 26\/10\/2019\t\t\t<\/a>\n\t\t<\/h3>\n\t<\/div>\n\t\t<div class=\"sow-carousel-item\" tabindex=\"-1\" style=\"float: left;\">\n\t\t<div class=\"sow-carousel-thumbnail\">\n\t\t\t\t\t\t\t<a\n\t\t\t\t\thref=\"https:\/\/www.nordbasketball.org\/index.php\/3x3-competion-et-concours\/\"\n\t\t\t\t\t\t\t\t\t\tstyle=\"background-image: url( https:\/\/i0.wp.com\/www.nordbasketball.org\/wp-content\/uploads\/2019\/07\/Gamer-Strategies-2-e1564576543662.png?resize=272%2C182&#038;ssl=1 )\"\n\t\t\t\t\taria-labelledby=\"sow-carousel-id-1828\"\n\t\t\t\t\ttabindex=\"-1\"\n\t\t\t\t>\n\t\t\t\t\t<span class=\"overlay\"><\/span>\n\t\t\t\t<\/a>\n\t\t\t\t\t<\/div>\n\t\t<h3 class=\"sow-carousel-item-title\">\n\t\t\t<a\n\t\t\t\thref=\"https:\/\/www.nordbasketball.org\/index.php\/3x3-competion-et-concours\/\"\n\t\t\t\tid=\"sow-carousel-id-1828\"\n\t\t\t\t\t\t\t\ttabindex=\"-1\"\n\t\t\t>\n\n\t\t\t\t3X3 &#8211; Comp\u00e9tition et Concours\t\t\t<\/a>\n\t\t<\/h3>\n\t<\/div>\n\t\t<div class=\"sow-carousel-item\" tabindex=\"-1\" style=\"float: left;\">\n\t\t<div class=\"sow-carousel-thumbnail\">\n\t\t\t\t\t\t\t<a\n\t\t\t\t\thref=\"https:\/\/www.nordbasketball.org\/index.php\/appel-a-candidature-3x3\/\"\n\t\t\t\t\t\t\t\t\t\tstyle=\"background-image: url( https:\/\/i0.wp.com\/www.nordbasketball.org\/wp-content\/uploads\/2019\/06\/candidature-3x3.png?resize=272%2C182&#038;ssl=1 )\"\n\t\t\t\t\taria-labelledby=\"sow-carousel-id-1612\"\n\t\t\t\t\ttabindex=\"-1\"\n\t\t\t\t>\n\t\t\t\t\t<span class=\"overlay\"><\/span>\n\t\t\t\t<\/a>\n\t\t\t\t\t<\/div>\n\t\t<h3 class=\"sow-carousel-item-title\">\n\t\t\t<a\n\t\t\t\thref=\"https:\/\/www.nordbasketball.org\/index.php\/appel-a-candidature-3x3\/\"\n\t\t\t\tid=\"sow-carousel-id-1612\"\n\t\t\t\t\t\t\t\ttabindex=\"-1\"\n\t\t\t>\n\n\t\t\t\tAppel \u00e0 candidature 3&#215;3\t\t\t<\/a>\n\t\t<\/h3>\n\t<\/div>\n\t\t<div class=\"sow-carousel-item\" tabindex=\"-1\" style=\"float: left;\">\n\t\t<div class=\"sow-carousel-thumbnail\">\n\t\t\t\t\t\t\t<a\n\t\t\t\t\thref=\"https:\/\/www.nordbasketball.org\/index.php\/lancement-du-championnat-3x3\/\"\n\t\t\t\t\t\t\t\t\t\tstyle=\"background-image: url( https:\/\/i0.wp.com\/www.nordbasketball.org\/wp-content\/uploads\/2019\/05\/3xx3-8.png?resize=272%2C182&#038;ssl=1 )\"\n\t\t\t\t\taria-labelledby=\"sow-carousel-id-1431\"\n\t\t\t\t\ttabindex=\"-1\"\n\t\t\t\t>\n\t\t\t\t\t<span class=\"overlay\"><\/span>\n\t\t\t\t<\/a>\n\t\t\t\t\t<\/div>\n\t\t<h3 class=\"sow-carousel-item-title\">\n\t\t\t<a\n\t\t\t\thref=\"https:\/\/www.nordbasketball.org\/index.php\/lancement-du-championnat-3x3\/\"\n\t\t\t\tid=\"sow-carousel-id-1431\"\n\t\t\t\t\t\t\t\ttabindex=\"-1\"\n\t\t\t>\n\n\t\t\t\tLancement du championnat 3&#215;3\t\t\t<\/a>\n\t\t<\/h3>\n\t<\/div>\n\t\t\t<\/div>\n\t\t\t<\/div>\n\n\t<\/div>\n\t\t<input type=\"hidden\" name=\"instance_hash\" value=\"8f0cbb4b\"\/>\n\t<\/div>\n<\/div><\/div><\/div><\/div><\/div>","protected":false},"excerpt":{"rendered":"<p>Le championnat 3&#215;3 est une nouvelle discipline olympique et approche du basket-ball d\u00e9velopp\u00e9e dans votre d\u00e9partement. C&rsquo;est un concept unique et innovant bas\u00e9 sur une gestion autonome. Les \u00e9quipes sont constitu\u00e9es pour un match, un tournoi ou plus ! Il se joue sur demi-terrain avec un seul panier. Il demande des qualit\u00e9s d\u2019explosivit\u00e9 ainsi qu\u2019une gestuelle pr\u00e9cise et ma\u00eetris\u00e9e. Alors si vous aimez jouer au basket, cette discipline vous offre plus de spectacle, plus de 1&#215;1 et toujours plus de sport ! &nbsp; Si vous souhaitez plus de renseignements, n&rsquo;h\u00e9sitez pas \u00e0 contacter Loric MINNE \u00e0 l&rsquo;adresse mail suivante : lminne@nordbasketball.org &nbsp; Documents \u00e0 t\u00e9l\u00e9charger ou imprimer<\/p>\n","protected":false},"author":2,"featured_media":0,"parent":0,"menu_order":0,"comment_status":"closed","ping_status":"closed","template":"","meta":{"_bbp_topic_count":0,"_bbp_reply_count":0,"_bbp_total_topic_count":0,"_bbp_total_reply_count":0,"_bbp_voice_count":0,"_bbp_anonymous_reply_count":0,"_bbp_topic_count_hidden":0,"_bbp_reply_count_hidden":0,"_bbp_forum_subforum_count":0,"footnotes":""},"class_list":["post-1423","page","type-page","status-publish","hentry"],"yoast_head":"<!-- This site is optimized with the Yoast SEO plugin v27.3 - https:\/\/yoast.com\/product\/yoast-seo-wordpress\/ -->\n<title>3x3 - NordbasketBall.org<\/title>\n<meta name=\"robots\" content=\"index, follow, max-snippet:-1, max-image-preview:large, max-video-preview:-1\" \/>\n<link rel=\"canonical\" href=\"https:\/\/www.nordbasketball.org\/index.php\/3x3\/\" \/>\n<meta property=\"og:locale\" content=\"fr_FR\" \/>\n<meta property=\"og:type\" content=\"article\" \/>\n<meta property=\"og:title\" content=\"3x3 - NordbasketBall.org\" \/>\n<meta property=\"og:description\" content=\"Le championnat 3x3 est une nouvelle discipline olympique et approche du basket-ball d\u00e9velopp\u00e9e dans votre d\u00e9partement. C&#039;est un concept unique et innovant bas\u00e9 sur une gestion autonome. Les \u00e9quipes sont constitu\u00e9es pour un match, un tournoi ou plus ! Il se joue sur demi-terrain avec un seul panier. Il demande des qualit\u00e9s d\u2019explosivit\u00e9 ainsi qu\u2019une gestuelle pr\u00e9cise et ma\u00eetris\u00e9e. Alors si vous aimez jouer au basket, cette discipline vous offre plus de spectacle, plus de 1x1 et toujours plus de sport ! &nbsp; Si vous souhaitez plus de renseignements, n&#039;h\u00e9sitez pas \u00e0 contacter Loric MINNE \u00e0 l&#039;adresse mail suivante : lminne@nordbasketball.org &nbsp; Documents \u00e0 t\u00e9l\u00e9charger ou imprimer\" \/>\n<meta property=\"og:url\" content=\"https:\/\/www.nordbasketball.org\/index.php\/3x3\/\" \/>\n<meta property=\"og:site_name\" content=\"NordbasketBall.org\" \/>\n<meta property=\"article:modified_time\" content=\"2025-10-30T13:56:03+00:00\" \/>\n<meta name=\"twitter:card\" content=\"summary_large_image\" \/>\n<meta name=\"twitter:label1\" content=\"Dur\u00e9e de lecture estim\u00e9e\" \/>\n\t<meta name=\"twitter:data1\" content=\"1 minute\" \/>\n<script type=\"application\/ld+json\" class=\"yoast-schema-graph\">{\"@context\":\"https:\\\/\\\/schema.org\",\"@graph\":[{\"@type\":\"WebPage\",\"@id\":\"https:\\\/\\\/www.nordbasketball.org\\\/index.php\\\/3x3\\\/\",\"url\":\"https:\\\/\\\/www.nordbasketball.org\\\/index.php\\\/3x3\\\/\",\"name\":\"3x3 - NordbasketBall.org\",\"isPartOf\":{\"@id\":\"https:\\\/\\\/www.nordbasketball.org\\\/#website\"},\"datePublished\":\"2019-05-24T09:13:36+00:00\",\"dateModified\":\"2025-10-30T13:56:03+00:00\",\"breadcrumb\":{\"@id\":\"https:\\\/\\\/www.nordbasketball.org\\\/index.php\\\/3x3\\\/#breadcrumb\"},\"inLanguage\":\"fr-FR\",\"potentialAction\":[{\"@type\":\"ReadAction\",\"target\":[\"https:\\\/\\\/www.nordbasketball.org\\\/index.php\\\/3x3\\\/\"]}]},{\"@type\":\"BreadcrumbList\",\"@id\":\"https:\\\/\\\/www.nordbasketball.org\\\/index.php\\\/3x3\\\/#breadcrumb\",\"itemListElement\":[{\"@type\":\"ListItem\",\"position\":1,\"name\":\"Accueil\",\"item\":\"https:\\\/\\\/www.nordbasketball.org\\\/\"},{\"@type\":\"ListItem\",\"position\":2,\"name\":\"3&#215;3\"}]},{\"@type\":\"WebSite\",\"@id\":\"https:\\\/\\\/www.nordbasketball.org\\\/#website\",\"url\":\"https:\\\/\\\/www.nordbasketball.org\\\/\",\"name\":\"NordbasketBall.org\",\"description\":\"Plus Haut - Plus Fort - Plus Sport !\",\"potentialAction\":[{\"@type\":\"SearchAction\",\"target\":{\"@type\":\"EntryPoint\",\"urlTemplate\":\"https:\\\/\\\/www.nordbasketball.org\\\/?s={search_term_string}\"},\"query-input\":{\"@type\":\"PropertyValueSpecification\",\"valueRequired\":true,\"valueName\":\"search_term_string\"}}],\"inLanguage\":\"fr-FR\"}]}<\/script>\n<!-- \/ Yoast SEO plugin. -->","yoast_head_json":{"title":"3x3 - NordbasketBall.org","robots":{"index":"index","follow":"follow","max-snippet":"max-snippet:-1","max-image-preview":"max-image-preview:large","max-video-preview":"max-video-preview:-1"},"canonical":"https:\/\/www.nordbasketball.org\/index.php\/3x3\/","og_locale":"fr_FR","og_type":"article","og_title":"3x3 - NordbasketBall.org","og_description":"Le championnat 3x3 est une nouvelle discipline olympique et approche du basket-ball d\u00e9velopp\u00e9e dans votre d\u00e9partement. C'est un concept unique et innovant bas\u00e9 sur une gestion autonome. Les \u00e9quipes sont constitu\u00e9es pour un match, un tournoi ou plus ! Il se joue sur demi-terrain avec un seul panier. Il demande des qualit\u00e9s d\u2019explosivit\u00e9 ainsi qu\u2019une gestuelle pr\u00e9cise et ma\u00eetris\u00e9e. Alors si vous aimez jouer au basket, cette discipline vous offre plus de spectacle, plus de 1x1 et toujours plus de sport ! &nbsp; Si vous souhaitez plus de renseignements, n'h\u00e9sitez pas \u00e0 contacter Loric MINNE \u00e0 l'adresse mail suivante : lminne@nordbasketball.org &nbsp; Documents \u00e0 t\u00e9l\u00e9charger ou imprimer","og_url":"https:\/\/www.nordbasketball.org\/index.php\/3x3\/","og_site_name":"NordbasketBall.org","article_modified_time":"2025-10-30T13:56:03+00:00","twitter_card":"summary_large_image","twitter_misc":{"Dur\u00e9e de lecture estim\u00e9e":"1 minute"},"schema":{"@context":"https:\/\/schema.org","@graph":[{"@type":"WebPage","@id":"https:\/\/www.nordbasketball.org\/index.php\/3x3\/","url":"https:\/\/www.nordbasketball.org\/index.php\/3x3\/","name":"3x3 - NordbasketBall.org","isPartOf":{"@id":"https:\/\/www.nordbasketball.org\/#website"},"datePublished":"2019-05-24T09:13:36+00:00","dateModified":"2025-10-30T13:56:03+00:00","breadcrumb":{"@id":"https:\/\/www.nordbasketball.org\/index.php\/3x3\/#breadcrumb"},"inLanguage":"fr-FR","potentialAction":[{"@type":"ReadAction","target":["https:\/\/www.nordbasketball.org\/index.php\/3x3\/"]}]},{"@type":"BreadcrumbList","@id":"https:\/\/www.nordbasketball.org\/index.php\/3x3\/#breadcrumb","itemListElement":[{"@type":"ListItem","position":1,"name":"Accueil","item":"https:\/\/www.nordbasketball.org\/"},{"@type":"ListItem","position":2,"name":"3&#215;3"}]},{"@type":"WebSite","@id":"https:\/\/www.nordbasketball.org\/#website","url":"https:\/\/www.nordbasketball.org\/","name":"NordbasketBall.org","description":"Plus Haut - Plus Fort - Plus Sport !","potentialAction":[{"@type":"SearchAction","target":{"@type":"EntryPoint","urlTemplate":"https:\/\/www.nordbasketball.org\/?s={search_term_string}"},"query-input":{"@type":"PropertyValueSpecification","valueRequired":true,"valueName":"search_term_string"}}],"inLanguage":"fr-FR"}]}},"acf":[],"jetpack_likes_enabled":true,"jetpack_sharing_enabled":true,"jetpack_shortlink":"https:\/\/wp.me\/PaRY6e-mX","_links":{"self":[{"href":"https:\/\/www.nordbasketball.org\/index.php\/wp-json\/wp\/v2\/pages\/1423","targetHints":{"allow":["GET"]}}],"collection":[{"href":"https:\/\/www.nordbasketball.org\/index.php\/wp-json\/wp\/v2\/pages"}],"about":[{"href":"https:\/\/www.nordbasketball.org\/index.php\/wp-json\/wp\/v2\/types\/page"}],"author":[{"embeddable":true,"href":"https:\/\/www.nordbasketball.org\/index.php\/wp-json\/wp\/v2\/users\/2"}],"replies":[{"embeddable":true,"href":"https:\/\/www.nordbasketball.org\/index.php\/wp-json\/wp\/v2\/comments?post=1423"}],"version-history":[{"count":7,"href":"https:\/\/www.nordbasketball.org\/index.php\/wp-json\/wp\/v2\/pages\/1423\/revisions"}],"predecessor-version":[{"id":6235,"href":"https:\/\/www.nordbasketball.org\/index.php\/wp-json\/wp\/v2\/pages\/1423\/revisions\/6235"}],"wp:attachment":[{"href":"https:\/\/www.nordbasketball.org\/index.php\/wp-json\/wp\/v2\/media?parent=1423"}],"curies":[{"name":"wp","href":"https:\/\/api.w.org\/{rel}","templated":true}]}}